{"id":21,"date":"2018-08-03T10:32:36","date_gmt":"2018-08-03T10:32:36","guid":{"rendered":"http:\/\/flightschool.oxy.host\/?page_id=7"},"modified":"2024-12-06T18:25:31","modified_gmt":"2024-12-06T17:25:31","slug":"home","status":"publish","type":"page","link":"https:\/\/afpsas.fr\/","title":{"rendered":"Accueil"},"content":{"rendered":"\n<p>Bienvenue sur le site de l'<strong>association des familles des parachutistes de la France Libre<\/strong> (AFPSAS) qui regroupe les parachutistes v\u00e9t\u00e9rans des r\u00e9giments SAS (3eme et 4eme&nbsp;Special Air Service), leurs familles et des membres sympathisants.<\/p>\n\n\n\n<p>L'AFPSAS est une association loi 1901 qui a pour objet de faire conna\u00eetre et respecter ainsi que de perp\u00e9tuer la m\u00e9moire de tous les combattants qui contract\u00e8rent un engagement personnel entre 1940 et 1945 au sein des unit\u00e9s de Parachutistes S.A.S (Special Air Service) de la France Libre.&nbsp; L'association se compose de descendants et membres de famille de SAS ainsi que de membres sympathisants et bienfaiteurs.&nbsp;<\/p>\n\n\n\n<p>L'AFPSAS est affili\u00e9e au Souvenir Fran\u00e7ais, \u00e9galement gardien de notre M\u00e9moire, cr\u00e9\u00e9 en 1887 et reconnu d'utilit\u00e9 publique depuis 1906. Il est une des plus anciennes associations priv\u00e9es.\u00a0Sa d\u00e9l\u00e9gation au Royaume-Uni est \u00e9galement active dans le support des actions de comm\u00e9moration des r\u00e9giments SAS et autres unit\u00e9s qui travaillaient avec ces r\u00e9giments pendant la Seconde Guerre mondiale.<\/p>\n","protected":false},"excerpt":{"rendered":"<p>Bienvenue sur le site de l'association des familles des parachutistes de la France Libre (AFPSAS) qui regroupe les parachutistes v\u00e9t\u00e9rans des r\u00e9giments SAS (3eme et 4eme&nbsp;Special Air Service), leurs familles et des membres sympathisants. L'AFPSAS est une association loi 1901 qui a pour objet de faire conna\u00eetre et respecter ainsi que de perp\u00e9tuer la m\u00e9moire [&hellip;]<\/p>\n","protected":false},"author":1,"featured_media":0,"parent":0,"menu_order":0,"comment_status":"closed","ping_status":"closed","template":"","meta":{"_acf_changed":false,"footnotes":""},"class_list":["post-21","page","type-page","status-publish","hentry"],"acf":[],"_links":{"self":[{"href":"https:\/\/afpsas.fr\/index.php\/wp-json\/wp\/v2\/pages\/21","targetHints":{"allow":["GET"]}}],"collection":[{"href":"https:\/\/afpsas.fr\/index.php\/wp-json\/wp\/v2\/pages"}],"about":[{"href":"https:\/\/afpsas.fr\/index.php\/wp-json\/wp\/v2\/types\/page"}],"author":[{"embeddable":true,"href":"https:\/\/afpsas.fr\/index.php\/wp-json\/wp\/v2\/users\/1"}],"replies":[{"embeddable":true,"href":"https:\/\/afpsas.fr\/index.php\/wp-json\/wp\/v2\/comments?post=21"}],"version-history":[{"count":6,"href":"https:\/\/afpsas.fr\/index.php\/wp-json\/wp\/v2\/pages\/21\/revisions"}],"predecessor-version":[{"id":85,"href":"https:\/\/afpsas.fr\/index.php\/wp-json\/wp\/v2\/pages\/21\/revisions\/85"}],"wp:attachment":[{"href":"https:\/\/afpsas.fr\/index.php\/wp-json\/wp\/v2\/media?parent=21"}],"curies":[{"name":"wp","href":"https:\/\/api.w.org\/{rel}","templated":true}]}}