{"id":76,"date":"2024-12-06T14:11:10","date_gmt":"2024-12-06T13:11:10","guid":{"rendered":"https:\/\/afpsas.fr\/?page_id=76"},"modified":"2024-12-06T14:11:38","modified_gmt":"2024-12-06T13:11:38","slug":"memorial-sas","status":"publish","type":"page","link":"https:\/\/afpsas.fr\/index.php\/memorial-sas\/","title":{"rendered":"M\u00e9morial SAS"},"content":{"rendered":"\n<p><strong>Ils<\/strong><strong>&nbsp; <\/strong><strong>\u00e9taient<\/strong><strong> un peu plus de 2000.<br>2000 Fran\u00e7ais qui, <\/strong><strong>parmi<\/strong><strong> <\/strong><strong>d\u2019autres<\/strong><strong> <\/strong><strong>jeunes<\/strong><strong> Fran\u00e7ais, <\/strong><strong>refusant<\/strong><strong> la <\/strong><strong>d\u00e9faite<\/strong><strong> et <\/strong><strong>l\u2019outrage<\/strong><strong> de <\/strong><strong>l\u2019armistice<\/strong><strong>, <\/strong><strong>choisirent<\/strong><strong> de <\/strong><strong>suivre<\/strong><strong> <\/strong><strong>ce<\/strong><strong> <\/strong><strong>g\u00e9n\u00e9ral<\/strong><strong> inconnu <\/strong><strong>mais<\/strong><strong> <\/strong><strong>visionnaire<\/strong><strong> qui, le 18 <\/strong><strong>juin<\/strong><strong> 1940, <\/strong><strong>avait<\/strong><strong> <\/strong><strong>allum\u00e9<\/strong><strong> la <\/strong><strong>flamme<\/strong><strong> de la <\/strong><strong>R\u00e9sistance<\/strong><strong> fran\u00e7aise et <\/strong><strong>appel\u00e9<\/strong><strong> \u00e0 continuer le combat. La France libre et <\/strong><strong>combattante<\/strong><strong> <\/strong><strong>\u00e9tait<\/strong><strong> pour <\/strong><strong>eux<\/strong><strong> la <\/strong><strong>seule<\/strong><strong> France <\/strong><strong>digne<\/strong><strong> d\u2019\u00eatre <\/strong><strong>suivie<\/strong><strong>, et <\/strong><strong>ils<\/strong><strong> <\/strong><strong>\u00e9taient<\/strong><strong> <\/strong><strong>d\u00e9termin\u00e9s<\/strong><strong> \u00e0 <\/strong><strong>l\u2019incarner<\/strong><strong>.<\/strong><\/p>\n\n\n\n<p>Le 29 Septembre 1940, le g\u00e9n\u00e9ral de Gaulle d\u00e9cida la cr\u00e9ation de la 1\u00e8re Compagnie d\u2019Infanterie de l\u2019Air dont le commandement fut confi\u00e9 au capitaine Georges Berg\u00e9. Cette date marquera le d\u00e9but de la grande aventure des 2000 hommes engag\u00e9s au sein des unit\u00e9s parachutistes de la France libre, et plus tard rattach\u00e9es au fameux Special Air Service britannique au sein des 3rd SAS \/ 3e RCP et 4th SAS \/ 2e RCP.<\/p>\n\n\n\n<p>Apr\u00e8s plusieurs missions parachut\u00e9es en France occup\u00e9e, les parachutistes du capitaine Berg\u00e9 rejoignent l\u2019\u00c9gypte o\u00f9 ils sont rattach\u00e9s au Special Air Service britannique du Major David Stirling. Au terme d\u2019un entrainement extr\u00eamement exigeant et l\u2019apprentissage de techniques commandos r\u00e9volutionnaires, les parachutistes S.A.S. fran\u00e7ais effectuent des missions derri\u00e8re les lignes ennemies contre les a\u00e9rodromes de l\u2019Axe en Cr\u00e8te et en Cyr\u00e9na\u00efque, puis rentrent en Angleterre afin de pr\u00e9parer les op\u00e9rations en Europe de l\u2019Ouest.<\/p>\n\n\n\n<p><strong>\u00ab&nbsp;Avant-garde <\/strong><strong>jet\u00e9e<\/strong><strong> du haut des airs&nbsp;\u00bb<\/strong><\/p>\n\n\n\n<p>Comme l\u2019a \u00e9crit le g\u00e9n\u00e9ral de Gaulle dans la citation qu\u2019il leur a consacr\u00e9 en 1953, largu\u00e9s en Bretagne en t\u00eate du D\u00e9barquement alli\u00e9 dans la nuit du 5 au 6 juin 1944, les hommes du 4th SAS ont pour mission de fixer et de harceler les unit\u00e9s ennemies, afin de permettre la progression des troupes alli\u00e9es.<\/p>\n\n\n\n<p>Puis rejoints par leurs camarades du 3rd SAS, et fid\u00e8les \u00e0 leur devise \u00ab&nbsp;Who dares wins&nbsp;\u00bb, ils encha\u00eenent par la suite les op\u00e9rations p\u00e9rilleuses, et au prix de lourds sacrifices, d\u00e9ploy\u00e9s de l\u2019Ouest \u00e0 l\u2019Est de la France, participent aux combats de la lib\u00e9ration du Centre en op\u00e9rant au nord et au sud de la Loire, puis dans les Vosges, les Ardennes belges, et jusqu\u2019aux Pays-Bas en avril 1945.<\/p>\n\n\n\n<p>Les parachutistes SAS fran\u00e7ais termineront la guerre comme l\u2019unit\u00e9 la plus d\u00e9cor\u00e9e de toute l\u2019Arm\u00e9e, et auront \u00e9t\u00e9 les plus expos\u00e9s et les plus meurtris de la France libre. Ils ont re\u00e7u le plus bel hommage du g\u00e9n\u00e9ral de Gaulle.<br>Et pourtant, encore aujourd\u2019hui, beaucoup de nos concitoyens ignorent ce qui fut accompli par les parachutistes fran\u00e7ais des 3rd et 4th SAS.<br>Au sortir de la guerre, ces hommes valeureux sont rentr\u00e9s chez eux sans mot dire.<br>Ils n\u2019ont jamais pris la France \u00e0 t\u00e9moin de leurs exploits et sont rest\u00e9s de longues ann\u00e9es dans l\u2019anonymat.<\/p>\n\n\n\n<p><strong>L\u2019AFPSAS, <\/strong><strong>fid\u00e8le<\/strong><strong> \u00e0 <\/strong><strong>sa<\/strong><strong> mission de <\/strong><strong>pr\u00e9servation<\/strong><strong> de la <\/strong><strong>m\u00e9moire<\/strong><strong> des <\/strong><strong>parachutistes<\/strong><strong> de la France libre et du Special Air Service&nbsp;a <\/strong><strong>souhait\u00e9<\/strong><strong> <\/strong><strong>leur<\/strong><strong> <\/strong><strong>rendre<\/strong><strong> <\/strong><strong>hommage<\/strong><strong> \u00e0 travers <\/strong><strong>ce<\/strong><strong> <\/strong><strong>M\u00e9morial<\/strong><strong>, <\/strong><strong>t\u00e9moignage<\/strong><strong> de <\/strong><strong>leur<\/strong><strong> extraordinaire <\/strong><strong>\u00e9pop\u00e9e<\/strong><strong>.<\/strong><\/p>\n\n\n\n<p>Nous vous invitons \u00e0 d\u00e9couvrir le parcours de ces hommes d\u2019exception qui, de la France enti\u00e8re ou du Canada, des Etats-Unis ou d\u2019Am\u00e9rique du Sud, de Madagascar ou de Polyn\u00e9sie, d\u2019Afrique du Nord ou d\u2019Afrique du Sud, ou encore venus des contr\u00e9es les plus \u00e9loign\u00e9es ont d\u00e9cid\u00e9 de tout quitter en bravant les \u00e9preuves et les dangers, et de tout risquer afin de rejoindre l\u2019Angleterre, poursuivre la lutte co\u00fbte que co\u00fbte et lib\u00e9rer la France du joug ennemi.<\/p>\n\n\n\n<p>Un M\u00e9morial leur est consacr\u00e9 - <strong><a href=\"https:\/\/memorial.afpsas.fr\/\" target=\"_blank\" rel=\"noopener noreferrer nofollow\">https:\/\/memorial.afpsas.fr\/<\/a><\/strong><\/p>\n","protected":false},"excerpt":{"rendered":"<p>Ils&nbsp; \u00e9taient un peu plus de 2000.2000 Fran\u00e7ais qui, parmi d\u2019autres jeunes Fran\u00e7ais, refusant la d\u00e9faite et l\u2019outrage de l\u2019armistice, choisirent de suivre ce g\u00e9n\u00e9ral inconnu mais visionnaire qui, le 18 juin 1940, avait allum\u00e9 la flamme de la R\u00e9sistance fran\u00e7aise et appel\u00e9 \u00e0 continuer le combat. La France libre et combattante \u00e9tait pour eux [&hellip;]<\/p>\n","protected":false},"author":1,"featured_media":0,"parent":0,"menu_order":0,"comment_status":"closed","ping_status":"closed","template":"","meta":{"_acf_changed":false,"footnotes":""},"class_list":["post-76","page","type-page","status-publish","hentry"],"acf":[],"_links":{"self":[{"href":"https:\/\/afpsas.fr\/index.php\/wp-json\/wp\/v2\/pages\/76","targetHints":{"allow":["GET"]}}],"collection":[{"href":"https:\/\/afpsas.fr\/index.php\/wp-json\/wp\/v2\/pages"}],"about":[{"href":"https:\/\/afpsas.fr\/index.php\/wp-json\/wp\/v2\/types\/page"}],"author":[{"embeddable":true,"href":"https:\/\/afpsas.fr\/index.php\/wp-json\/wp\/v2\/users\/1"}],"replies":[{"embeddable":true,"href":"https:\/\/afpsas.fr\/index.php\/wp-json\/wp\/v2\/comments?post=76"}],"version-history":[{"count":2,"href":"https:\/\/afpsas.fr\/index.php\/wp-json\/wp\/v2\/pages\/76\/revisions"}],"predecessor-version":[{"id":78,"href":"https:\/\/afpsas.fr\/index.php\/wp-json\/wp\/v2\/pages\/76\/revisions\/78"}],"wp:attachment":[{"href":"https:\/\/afpsas.fr\/index.php\/wp-json\/wp\/v2\/media?parent=76"}],"curies":[{"name":"wp","href":"https:\/\/api.w.org\/{rel}","templated":true}]}}